{"id":72302,"date":"2026-02-02T15:43:32","date_gmt":"2026-02-02T15:43:32","guid":{"rendered":"https:\/\/www.bloom-harmony.com\/bloom-line\/vitality-bloom\/"},"modified":"2026-05-02T04:19:52","modified_gmt":"2026-05-02T04:19:52","slug":"dessous-de-plat","status":"publish","type":"page","link":"https:\/\/www.bloom-harmony.com\/en\/bloom-line\/dessous-de-plat\/","title":{"rendered":"Vitality Bloom"},"content":{"rendered":"<p>[et_pb_section fb_built=&#8221;1&#8243; _builder_version=&#8221;4.27.4&#8243; _module_preset=&#8221;default&#8221; use_background_color_gradient=&#8221;on&#8221; background_color_gradient_type=&#8221;circular&#8221; background_color_gradient_stops=&#8221;rgba(61,61,61,0.76) 0%|rgba(255,255,255,0) 72%&#8221; background_color_gradient_overlays_image=&#8221;on&#8221; background_image=&#8221;https:\/\/www.bloom-harmony.com\/wp-content\/uploads\/2025\/05\/vitality-bloom-3-scaled.jpeg&#8221; global_colors_info=&#8221;{}&#8221;][et_pb_row _builder_version=&#8221;4.27.4&#8243; custom_padding=&#8221;80px|0px|80px|0px|false|false&#8221; locked=&#8221;off&#8221; global_colors_info=&#8221;{}&#8221;][et_pb_column type=&#8221;4_4&#8243; _builder_version=&#8221;4.16&#8243; custom_padding=&#8221;|||&#8221; global_colors_info=&#8221;{}&#8221; custom_padding__hover=&#8221;|||&#8221;][et_pb_text _builder_version=&#8221;4.27.6&#8243; _module_preset=&#8221;default&#8221; header_font=&#8221;|700||on|||||&#8221; header_text_align=&#8221;center&#8221; header_text_color=&#8221;#FFFFFF&#8221; header_font_size=&#8221;46px&#8221; hover_enabled=&#8221;0&#8243; locked=&#8221;off&#8221; global_colors_info=&#8221;{}&#8221; sticky_enabled=&#8221;0&#8243;]<\/p>\n<h1>Bloom up<\/h1>\n<p>[\/et_pb_text][et_pb_text _builder_version=&#8221;4.27.4&#8243; _module_preset=&#8221;default&#8221; text_font=&#8221;|700|||||||&#8221; text_text_color=&#8221;#FFFFFF&#8221; text_font_size=&#8221;18px&#8221; text_line_height=&#8221;1.4em&#8221; text_orientation=&#8221;center&#8221; max_width=&#8221;60%&#8221; module_alignment=&#8221;center&#8221; hover_enabled=&#8221;0&#8243; locked=&#8221;off&#8221; global_colors_info=&#8221;{}&#8221; custom_padding=&#8221;||24px|||&#8221; sticky_enabled=&#8221;0&#8243;]<\/p>\n<p><span>Bloom code \u00a0diam 30 ou 40 cm en alu-dibond<\/span><\/p>\n<p>[\/et_pb_text][\/et_pb_column][\/et_pb_row][\/et_pb_section][et_pb_section fb_built=&#8221;1&#8243; _builder_version=&#8221;4.27.4&#8243; _module_preset=&#8221;default&#8221; background_color=&#8221;#17181a&#8221; global_colors_info=&#8221;{}&#8221;][et_pb_row column_structure=&#8221;1_2,1_2&#8243; use_custom_gutter=&#8221;on&#8221; gutter_width=&#8221;4&#8243; make_equal=&#8221;on&#8221; _builder_version=&#8221;4.27.4&#8243; _module_preset=&#8221;default&#8221; global_colors_info=&#8221;{}&#8221;][et_pb_column type=&#8221;1_2&#8243; _builder_version=&#8221;4.27.4&#8243; _module_preset=&#8221;default&#8221; background_enable_image=&#8221;off&#8221; custom_padding=&#8221;90px||||false|false&#8221; background_last_edited=&#8221;on|desktop&#8221; background_enable_image_tablet=&#8221;off&#8221; global_colors_info=&#8221;{}&#8221;][et_pb_gallery gallery_ids=&#8221;72236,71669,71670,71672&#8243; fullwidth=&#8221;on&#8221; _builder_version=&#8221;4.27.4&#8243; _module_preset=&#8221;default&#8221; pagination_text_color=&#8221;#FFFFFF&#8221; border_radii=&#8221;on|10px|10px|10px|10px&#8221; locked=&#8221;off&#8221; global_colors_info=&#8221;{}&#8221;][\/et_pb_gallery][\/et_pb_column][et_pb_column type=&#8221;1_2&#8243; _builder_version=&#8221;4.27.4&#8243; _module_preset=&#8221;default&#8221; custom_padding=&#8221;5rem||5rem||true|false&#8221; global_colors_info=&#8221;{}&#8221;][et_pb_text _builder_version=&#8221;4.27.4&#8243; _module_preset=&#8221;default&#8221; header_text_color=&#8221;#FFFFFF&#8221; header_2_font=&#8221;||||||||&#8221; header_2_text_color=&#8221;#FFFFFF&#8221; header_2_font_size=&#8221;40px&#8221; header_2_line_height=&#8221;1.2em&#8221; custom_margin=&#8221;||0.5rem||false|false&#8221; custom_padding=&#8221;||||false|false&#8221; locked=&#8221;off&#8221; global_colors_info=&#8221;{}&#8221;]<\/p>\n<h2><strong>Votre corps est un Temple Sacr\u00e9\u00a0<\/strong><\/h2>\n<p>[\/et_pb_text][et_pb_text _builder_version=&#8221;4.27.4&#8243; _module_preset=&#8221;default&#8221; text_text_color=&#8221;#FFFFFF&#8221; text_font_size=&#8221;16px&#8221; global_colors_info=&#8221;{}&#8221;]<\/p>\n<p>Gr\u00e2ce au Bloom Code, revitalisez votre eau et toutes vos boissons, y compris les vins et spiritueux\u00a0: l\u2019activation est quasi- instantan\u00e9e.<\/p>\n<p>Vous pouvez faire de m\u00eame avec tous les aliments dans vos placards, votre r\u00e9frig\u00e9rateur, vos corbeilles \u00e0 fruits, vos plantes, vos fleurs, vos produits de beaut\u00e9, vos pierres etc\u2026<\/p>\n<p><strong>Augmentez la Fr\u00e9quence Vibratoire de tout ce dont vous nourrissez votre Corps afin de revitaliser l\u2019ensemble de votre Organisme et de vos Cellules pour une sant\u00e9 optimale.<\/strong><\/p>\n<p>[\/et_pb_text][\/et_pb_column][\/et_pb_row][et_pb_row _builder_version=&#8221;4.27.4&#8243; _module_preset=&#8221;default&#8221; global_colors_info=&#8221;{}&#8221;][et_pb_column type=&#8221;4_4&#8243; _builder_version=&#8221;4.27.4&#8243; _module_preset=&#8221;default&#8221; global_colors_info=&#8221;{}&#8221;][et_pb_text _builder_version=&#8221;4.27.4&#8243; _module_preset=&#8221;default&#8221; global_colors_info=&#8221;{}&#8221;]<\/p>\n<p><a href=\"https:\/\/www.bloom-harmony.com\/bloom-line\/\">Bloom line<\/a><\/p>\n<p>[\/et_pb_text][\/et_pb_column][\/et_pb_row][\/et_pb_section]<\/p>\n","protected":false},"excerpt":{"rendered":"<p>Bloom upBloom code \u00a0diam 30 ou 40 cm en alu-dibondVotre corps est un Temple Sacr\u00e9\u00a0Gr\u00e2ce au Bloom Code, revitalisez votre eau et toutes vos boissons, y compris les vins et spiritueux\u00a0: l\u2019activation est quasi- instantan\u00e9e. Vous pouvez faire de m\u00eame avec tous les aliments dans vos placards, votre r\u00e9frig\u00e9rateur, vos corbeilles \u00e0 fruits, vos plantes, [&hellip;]<\/p>\n","protected":false},"author":1,"featured_media":0,"parent":71726,"menu_order":0,"comment_status":"closed","ping_status":"closed","template":"","meta":{"_acf_changed":false,"_et_pb_use_builder":"on","_et_pb_old_content":"","_et_gb_content_width":"","footnotes":""},"class_list":["post-72302","page","type-page","status-publish","hentry"],"acf":[],"_links":{"self":[{"href":"https:\/\/www.bloom-harmony.com\/en\/wp-json\/wp\/v2\/pages\/72302","targetHints":{"allow":["GET"]}}],"collection":[{"href":"https:\/\/www.bloom-harmony.com\/en\/wp-json\/wp\/v2\/pages"}],"about":[{"href":"https:\/\/www.bloom-harmony.com\/en\/wp-json\/wp\/v2\/types\/page"}],"author":[{"embeddable":true,"href":"https:\/\/www.bloom-harmony.com\/en\/wp-json\/wp\/v2\/users\/1"}],"replies":[{"embeddable":true,"href":"https:\/\/www.bloom-harmony.com\/en\/wp-json\/wp\/v2\/comments?post=72302"}],"version-history":[{"count":7,"href":"https:\/\/www.bloom-harmony.com\/en\/wp-json\/wp\/v2\/pages\/72302\/revisions"}],"predecessor-version":[{"id":72722,"href":"https:\/\/www.bloom-harmony.com\/en\/wp-json\/wp\/v2\/pages\/72302\/revisions\/72722"}],"up":[{"embeddable":true,"href":"https:\/\/www.bloom-harmony.com\/en\/wp-json\/wp\/v2\/pages\/71726"}],"wp:attachment":[{"href":"https:\/\/www.bloom-harmony.com\/en\/wp-json\/wp\/v2\/media?parent=72302"}],"curies":[{"name":"wp","href":"https:\/\/api.w.org\/{rel}","templated":true}]}}