{"id":72298,"date":"2026-02-02T15:55:35","date_gmt":"2026-02-02T15:55:35","guid":{"rendered":"https:\/\/www.bloom-harmony.com\/bloom-line\/star-bloom\/"},"modified":"2026-05-02T07:10:10","modified_gmt":"2026-05-02T07:10:10","slug":"bloom-code-digital","status":"publish","type":"page","link":"https:\/\/www.bloom-harmony.com\/en\/bloom-line\/bloom-code-digital\/","title":{"rendered":"Digital"},"content":{"rendered":"<p>[et_pb_section fb_built=&#8221;1&#8243; _builder_version=&#8221;4.27.4&#8243; _module_preset=&#8221;default&#8221; use_background_color_gradient=&#8221;on&#8221; background_color_gradient_type=&#8221;circular&#8221; background_color_gradient_stops=&#8221;rgba(61,61,61,0.76) 0%|rgba(255,255,255,0) 72%&#8221; background_color_gradient_overlays_image=&#8221;on&#8221; background_image=&#8221;https:\/\/www.bloom-harmony.com\/wp-content\/uploads\/2025\/05\/play.png&#8221; global_colors_info=&#8221;{}&#8221;][et_pb_row _builder_version=&#8221;4.27.4&#8243; custom_padding=&#8221;80px|0px|80px|0px|false|false&#8221; locked=&#8221;off&#8221; global_colors_info=&#8221;{}&#8221;][et_pb_column type=&#8221;4_4&#8243; _builder_version=&#8221;4.16&#8243; custom_padding=&#8221;|||&#8221; global_colors_info=&#8221;{}&#8221; custom_padding__hover=&#8221;|||&#8221;][et_pb_text _builder_version=&#8221;4.27.6&#8243; _module_preset=&#8221;default&#8221; header_font=&#8221;|||on|||||&#8221; header_text_align=&#8221;center&#8221; header_text_color=&#8221;#FFFFFF&#8221; header_font_size=&#8221;46px&#8221; hover_enabled=&#8221;0&#8243; locked=&#8221;off&#8221; global_colors_info=&#8221;{}&#8221; sticky_enabled=&#8221;0&#8243;]<\/p>\n<h1>Bloom Code digital<\/h1>\n<p>[\/et_pb_text][\/et_pb_column][\/et_pb_row][\/et_pb_section][et_pb_section fb_built=&#8221;1&#8243; _builder_version=&#8221;4.27.6&#8243; _module_preset=&#8221;default&#8221; background_color=&#8221;#F2EEE6&#8243; hover_enabled=&#8221;0&#8243; global_colors_info=&#8221;{}&#8221; sticky_enabled=&#8221;0&#8243;][et_pb_row column_structure=&#8221;1_2,1_2&#8243; use_custom_gutter=&#8221;on&#8221; gutter_width=&#8221;4&#8243; make_equal=&#8221;on&#8221; _builder_version=&#8221;4.27.4&#8243; _module_preset=&#8221;default&#8221; global_colors_info=&#8221;{}&#8221; theme_builder_area=&#8221;post_content&#8221; min_height=&#8221;701.8px&#8221;][et_pb_column type=&#8221;1_2&#8243; _builder_version=&#8221;4.27.4&#8243; _module_preset=&#8221;default&#8221; background_enable_image=&#8221;off&#8221; custom_padding=&#8221;90px||||false|false&#8221; background_last_edited=&#8221;on|desktop&#8221; background_enable_image_tablet=&#8221;off&#8221; global_colors_info=&#8221;{}&#8221; theme_builder_area=&#8221;post_content&#8221;][et_pb_image src=&#8221;https:\/\/www.bloom-harmony.com\/wp-content\/uploads\/2025\/05\/play-1.png&#8221; title_text=&#8221;play&#8221; url=&#8221;https:\/\/bloomharmony.live-website.com\/wp-content\/uploads\/2025\/05\/star-bloom.mp4&#8243; module_class=&#8221;bloom-line-video&#8221; _builder_version=&#8221;4.27.6&#8243; _module_preset=&#8221;default&#8221; hover_enabled=&#8221;0&#8243; locked=&#8221;off&#8221; global_colors_info=&#8221;{}&#8221; theme_builder_area=&#8221;post_content&#8221; sticky_enabled=&#8221;0&#8243;][\/et_pb_image][\/et_pb_column][et_pb_column type=&#8221;1_2&#8243; _builder_version=&#8221;4.27.4&#8243; _module_preset=&#8221;default&#8221; custom_padding=&#8221;5rem||5rem||true|false&#8221; global_colors_info=&#8221;{}&#8221; theme_builder_area=&#8221;post_content&#8221;][et_pb_text _builder_version=&#8221;4.27.6&#8243; _module_preset=&#8221;default&#8221; header_text_color=&#8221;#FFFFFF&#8221; header_2_font=&#8221;&#8211;et_global_heading_font||||||||&#8221; header_2_text_color=&#8221;#050D18&#8243; header_2_font_size=&#8221;39px&#8221; header_2_line_height=&#8221;1.2em&#8221; custom_margin=&#8221;||0.5rem||false|false&#8221; custom_padding=&#8221;||||false|false&#8221; locked=&#8221;off&#8221; global_colors_info=&#8221;{}&#8221; theme_builder_area=&#8221;post_content&#8221;]<\/p>\n<h2>Star Bloom<\/h2>\n<p>[\/et_pb_text][et_pb_divider color=&#8221;#D4A017&#8243; _builder_version=&#8221;4.27.6&#8243; _module_preset=&#8221;default&#8221; custom_margin=&#8221;-14px||18px||false|false&#8221; global_colors_info=&#8221;{}&#8221; theme_builder_area=&#8221;post_content&#8221;][\/et_pb_divider][et_pb_text _builder_version=&#8221;4.27.6&#8243; _module_preset=&#8221;default&#8221; text_font=&#8221;&#8211;et_global_body_font|&#8211;et_global_body_font_weight|||||||&#8221; text_text_color=&#8221;#050D18&#8243; text_font_size=&#8221;16px&#8221; text_line_height=&#8221;1.4em&#8221; text_orientation=&#8221;center&#8221; max_width=&#8221;100%&#8221; module_alignment=&#8221;left&#8221; custom_margin=&#8221;|317px|0px|||&#8221; custom_padding=&#8221;0px||1px|||&#8221; hover_enabled=&#8221;0&#8243; locked=&#8221;off&#8221; global_colors_info=&#8221;{}&#8221; theme_builder_area=&#8221;post_content&#8221; sticky_enabled=&#8221;0&#8243;]<\/p>\n<p style=\"text-align: left;\">\u00c9cran lumineux, diff\u00e9rentes tailles au choix<\/p>\n<ul><\/ul>\n<p>[\/et_pb_text][et_pb_text _builder_version=&#8221;4.27.6&#8243; _module_preset=&#8221;default&#8221; text_font=&#8221;&#8211;et_global_body_font||||||||&#8221; text_text_color=&#8221;#050D18&#8243; text_font_size=&#8221;16px&#8221; global_colors_info=&#8221;{}&#8221; theme_builder_area=&#8221;post_content&#8221;]<\/p>\n<p>Sublimez votre int\u00e9rieur gr\u00e2ce au design unique et divin du Bloom Code, la beaut\u00e9 intemporelle d\u2019un \u00e9cran lumineux Star Bloom d\u00e9gage une sensation r\u00e9elle et profonde d\u2019Harmonie dans la pi\u00e8ce.<\/p>\n<p>Ses hautes Fr\u00e9quences d\u00e9gagent un sentiment de s\u00e9r\u00e9nit\u00e9 absolue, prot\u00e8ge contre les \u00e9nergies n\u00e9gatives et \u00e9l\u00e8ve les vibrations de votre espace de vie pour plus d\u2019\u00e9quilibre et de sant\u00e9.<\/p>\n<p>L\u2019\u00e9cran permet de faire d\u00e9filer \u00e0 votre convenance onze designs diff\u00e9rents de Bloom Codes.<\/p>\n<p><strong>Cr\u00e9er l\u2019Harmonie dans son propre foyer signifie permettre \u00e0 ses occupants de s\u2019y reposer en toute tranquillit\u00e9 tout en profitant d\u2019un design \u00e0 l\u2019esth\u00e9tique exceptionnel\u00a0!<\/strong><\/p>\n<p>[\/et_pb_text][\/et_pb_column][\/et_pb_row][et_pb_row _builder_version=&#8221;4.27.4&#8243; _module_preset=&#8221;default&#8221; global_colors_info=&#8221;{}&#8221;][et_pb_column type=&#8221;4_4&#8243; _builder_version=&#8221;4.27.4&#8243; _module_preset=&#8221;default&#8221; global_colors_info=&#8221;{}&#8221;][et_pb_button button_url=&#8221;https:\/\/www.bloom-harmony.com\/bloom-line\/&#8221; button_text=&#8221;Retour vers la gamme de produits&#8221; button_alignment=&#8221;center&#8221; _builder_version=&#8221;4.27.6&#8243; _module_preset=&#8221;default&#8221; custom_button=&#8221;on&#8221; button_text_size=&#8221;16px&#8221; button_text_color=&#8221;#D4A017&#8243; button_border_width=&#8221;1px&#8221; button_border_radius=&#8221;0px&#8221; button_font=&#8221;&#8211;et_global_body_font||||||||&#8221; button_use_icon=&#8221;off&#8221; global_colors_info=&#8221;{}&#8221; theme_builder_area=&#8221;post_content&#8221;][\/et_pb_button][\/et_pb_column][\/et_pb_row][\/et_pb_section]<\/p>\n","protected":false},"excerpt":{"rendered":"<p>Bloom Code digitalStar Bloom\u00c9cran lumineux, diff\u00e9rentes tailles au choix Sublimez votre int\u00e9rieur gr\u00e2ce au design unique et divin du Bloom Code, la beaut\u00e9 intemporelle d\u2019un \u00e9cran lumineux Star Bloom d\u00e9gage une sensation r\u00e9elle et profonde d\u2019Harmonie dans la pi\u00e8ce. Ses hautes Fr\u00e9quences d\u00e9gagent un sentiment de s\u00e9r\u00e9nit\u00e9 absolue, prot\u00e8ge contre les \u00e9nergies n\u00e9gatives et \u00e9l\u00e8ve [&hellip;]<\/p>\n","protected":false},"author":1,"featured_media":0,"parent":71726,"menu_order":0,"comment_status":"closed","ping_status":"closed","template":"","meta":{"_acf_changed":false,"_et_pb_use_builder":"on","_et_pb_old_content":"","_et_gb_content_width":"","footnotes":""},"class_list":["post-72298","page","type-page","status-publish","hentry"],"acf":[],"_links":{"self":[{"href":"https:\/\/www.bloom-harmony.com\/en\/wp-json\/wp\/v2\/pages\/72298","targetHints":{"allow":["GET"]}}],"collection":[{"href":"https:\/\/www.bloom-harmony.com\/en\/wp-json\/wp\/v2\/pages"}],"about":[{"href":"https:\/\/www.bloom-harmony.com\/en\/wp-json\/wp\/v2\/types\/page"}],"author":[{"embeddable":true,"href":"https:\/\/www.bloom-harmony.com\/en\/wp-json\/wp\/v2\/users\/1"}],"replies":[{"embeddable":true,"href":"https:\/\/www.bloom-harmony.com\/en\/wp-json\/wp\/v2\/comments?post=72298"}],"version-history":[{"count":6,"href":"https:\/\/www.bloom-harmony.com\/en\/wp-json\/wp\/v2\/pages\/72298\/revisions"}],"predecessor-version":[{"id":72827,"href":"https:\/\/www.bloom-harmony.com\/en\/wp-json\/wp\/v2\/pages\/72298\/revisions\/72827"}],"up":[{"embeddable":true,"href":"https:\/\/www.bloom-harmony.com\/en\/wp-json\/wp\/v2\/pages\/71726"}],"wp:attachment":[{"href":"https:\/\/www.bloom-harmony.com\/en\/wp-json\/wp\/v2\/media?parent=72298"}],"curies":[{"name":"wp","href":"https:\/\/api.w.org\/{rel}","templated":true}]}}