{"id":72294,"date":"2026-02-02T16:01:56","date_gmt":"2026-02-02T16:01:56","guid":{"rendered":"https:\/\/www.bloom-harmony.com\/bloom-line\/luxury-bloom\/"},"modified":"2026-05-02T06:17:45","modified_gmt":"2026-05-02T06:17:45","slug":"bloom-code-plateau-decoratif","status":"publish","type":"page","link":"https:\/\/www.bloom-harmony.com\/en\/bloom-line\/bloom-code-plateau-decoratif\/","title":{"rendered":"Plateau d\u00e9coratif"},"content":{"rendered":"<p>[et_pb_section fb_built=&#8221;1&#8243; _builder_version=&#8221;4.27.4&#8243; _module_preset=&#8221;default&#8221; use_background_color_gradient=&#8221;on&#8221; background_color_gradient_type=&#8221;circular&#8221; background_color_gradient_stops=&#8221;rgba(61,61,61,0.76) 0%|rgba(255,255,255,0) 72%&#8221; background_color_gradient_overlays_image=&#8221;on&#8221; background_image=&#8221;https:\/\/www.bloom-harmony.com\/wp-content\/uploads\/2025\/05\/luxury-bloom-1-scaled.jpg&#8221; global_colors_info=&#8221;{}&#8221; min_height=&#8221;441.9px&#8221;][et_pb_row _builder_version=&#8221;4.27.4&#8243; custom_padding=&#8221;80px|0px|156px|0px|false|false&#8221; locked=&#8221;off&#8221; global_colors_info=&#8221;{}&#8221;][et_pb_column type=&#8221;4_4&#8243; _builder_version=&#8221;4.16&#8243; custom_padding=&#8221;|||&#8221; global_colors_info=&#8221;{}&#8221; custom_padding__hover=&#8221;|||&#8221;][et_pb_text _builder_version=&#8221;4.27.6&#8243; _module_preset=&#8221;default&#8221; header_font=&#8221;&#8211;et_global_heading_font|&#8211;et_global_heading_font_weight||on|||||&#8221; header_text_align=&#8221;center&#8221; header_text_color=&#8221;#FDFCFA&#8221; header_font_size=&#8221;46px&#8221; hover_enabled=&#8221;0&#8243; locked=&#8221;off&#8221; global_colors_info=&#8221;{}&#8221; text_text_color=&#8221;#FDFCFA&#8221; sticky_enabled=&#8221;0&#8243; custom_padding=&#8221;||0px||false|false&#8221; custom_margin=&#8221;142px||-114px||false|false&#8221;]<\/p>\n<h1>Plateau d\u00e9coratif dynamisateur<\/h1>\n<p>[\/et_pb_text][\/et_pb_column][\/et_pb_row][\/et_pb_section][et_pb_section fb_built=&#8221;1&#8243; _builder_version=&#8221;4.27.6&#8243; _module_preset=&#8221;default&#8221; background_color=&#8221;#F2EEE6&#8243; hover_enabled=&#8221;0&#8243; global_colors_info=&#8221;{}&#8221; sticky_enabled=&#8221;0&#8243;][et_pb_row column_structure=&#8221;1_2,1_2&#8243; use_custom_gutter=&#8221;on&#8221; gutter_width=&#8221;4&#8243; make_equal=&#8221;on&#8221; _builder_version=&#8221;4.27.4&#8243; _module_preset=&#8221;default&#8221; global_colors_info=&#8221;{}&#8221;][et_pb_column type=&#8221;1_2&#8243; _builder_version=&#8221;4.27.4&#8243; _module_preset=&#8221;default&#8221; background_enable_image=&#8221;off&#8221; custom_padding=&#8221;90px||||false|false&#8221; background_last_edited=&#8221;on|desktop&#8221; background_enable_image_tablet=&#8221;off&#8221; global_colors_info=&#8221;{}&#8221;][et_pb_gallery gallery_ids=&#8221;71685,71690&#8243; fullwidth=&#8221;on&#8221; module_class=&#8221;bloom-line&#8221; _builder_version=&#8221;4.27.6&#8243; _module_preset=&#8221;default&#8221; title_text_color=&#8221;#FFFFFF&#8221; pagination_text_color=&#8221;#FFFFFF&#8221; hover_enabled=&#8221;0&#8243; locked=&#8221;off&#8221; global_colors_info=&#8221;{}&#8221; sticky_enabled=&#8221;0&#8243;][\/et_pb_gallery][\/et_pb_column][et_pb_column type=&#8221;1_2&#8243; _builder_version=&#8221;4.27.4&#8243; _module_preset=&#8221;default&#8221; custom_padding=&#8221;5rem||5rem||true|false&#8221; global_colors_info=&#8221;{}&#8221;][et_pb_text _builder_version=&#8221;4.27.6&#8243; _module_preset=&#8221;default&#8221; header_text_color=&#8221;#FFFFFF&#8221; header_2_font=&#8221;&#8211;et_global_heading_font||||||||&#8221; header_2_text_color=&#8221;#050D18&#8243; header_2_font_size=&#8221;39px&#8221; header_2_line_height=&#8221;1.2em&#8221; custom_margin=&#8221;||0.5rem||false|false&#8221; custom_padding=&#8221;||||false|false&#8221; hover_enabled=&#8221;0&#8243; locked=&#8221;off&#8221; global_colors_info=&#8221;{}&#8221; theme_builder_area=&#8221;post_content&#8221; sticky_enabled=&#8221;0&#8243;]<\/p>\n<h2>Luxury Bloom<\/h2>\n<p>[\/et_pb_text][et_pb_divider color=&#8221;#D4A017&#8243; _builder_version=&#8221;4.27.6&#8243; _module_preset=&#8221;default&#8221; custom_margin=&#8221;-14px||18px||false|false&#8221; global_colors_info=&#8221;{}&#8221; theme_builder_area=&#8221;post_content&#8221;][\/et_pb_divider][et_pb_text _builder_version=&#8221;4.27.6&#8243; _module_preset=&#8221;default&#8221; text_font=&#8221;&#8211;et_global_body_font|&#8211;et_global_body_font_weight|||||||&#8221; text_text_color=&#8221;#050D18&#8243; text_font_size=&#8221;16px&#8221; text_line_height=&#8221;1.4em&#8221; text_orientation=&#8221;center&#8221; max_width=&#8221;100%&#8221; module_alignment=&#8221;left&#8221; hover_enabled=&#8221;0&#8243; locked=&#8221;off&#8221; global_colors_info=&#8221;{}&#8221; theme_builder_area=&#8221;post_content&#8221; sticky_enabled=&#8221;0&#8243; header_2_text_align=&#8221;left&#8221;]<\/p>\n<p style=\"text-align: left;\">Bloom code en r\u00e9sine.<\/p>\n<p style=\"text-align: left;\">Diam\u00e8tre 50 \/ 100 cm<\/p>\n<p>[\/et_pb_text][et_pb_text _builder_version=&#8221;4.27.6&#8243; _module_preset=&#8221;default&#8221; text_font=&#8221;&#8211;et_global_body_font||||||||&#8221; text_text_color=&#8221;#050D18&#8243; text_font_size=&#8221;16px&#8221; hover_enabled=&#8221;0&#8243; global_colors_info=&#8221;{}&#8221; theme_builder_area=&#8221;post_content&#8221; sticky_enabled=&#8221;0&#8243;]<\/p>\n<p>Gr\u00e2ce au Bloom Code, revitalisez vos pierres, projets, finances,..<\/p>\n<p><strong>Augmentez la fr\u00e9quence vibratoire de tout ce qui vous entoure.\u00a0<\/strong><\/p>\n<p>[\/et_pb_text][\/et_pb_column][\/et_pb_row][et_pb_row _builder_version=&#8221;4.27.4&#8243; _module_preset=&#8221;default&#8221; global_colors_info=&#8221;{}&#8221; custom_margin=&#8221;62px|auto|62px|auto|true|&#8221;][et_pb_column type=&#8221;4_4&#8243; _builder_version=&#8221;4.27.4&#8243; _module_preset=&#8221;default&#8221; global_colors_info=&#8221;{}&#8221;][et_pb_button button_url=&#8221;https:\/\/www.bloom-harmony.com\/bloom-line\/&#8221; button_text=&#8221;Retour vers la gamme de produits&#8221; button_alignment=&#8221;center&#8221; _builder_version=&#8221;4.27.6&#8243; _module_preset=&#8221;default&#8221; custom_button=&#8221;on&#8221; button_text_size=&#8221;16px&#8221; button_text_color=&#8221;#D4A017&#8243; button_border_width=&#8221;1px&#8221; button_border_radius=&#8221;0px&#8221; button_font=&#8221;&#8211;et_global_body_font||||||||&#8221; button_use_icon=&#8221;off&#8221; global_colors_info=&#8221;{}&#8221; theme_builder_area=&#8221;post_content&#8221;][\/et_pb_button][\/et_pb_column][\/et_pb_row][\/et_pb_section]<\/p>\n","protected":false},"excerpt":{"rendered":"<p>Plateau d\u00e9coratif dynamisateurLuxury BloomBloom code en r\u00e9sine. Diam\u00e8tre 50 \/ 100 cmGr\u00e2ce au Bloom Code, revitalisez vos pierres, projets, finances,.. Augmentez la fr\u00e9quence vibratoire de tout ce qui vous entoure.\u00a0<\/p>\n","protected":false},"author":1,"featured_media":0,"parent":71726,"menu_order":0,"comment_status":"closed","ping_status":"closed","template":"","meta":{"_acf_changed":false,"_et_pb_use_builder":"on","_et_pb_old_content":"","_et_gb_content_width":"","footnotes":""},"class_list":["post-72294","page","type-page","status-publish","hentry"],"acf":[],"_links":{"self":[{"href":"https:\/\/www.bloom-harmony.com\/en\/wp-json\/wp\/v2\/pages\/72294","targetHints":{"allow":["GET"]}}],"collection":[{"href":"https:\/\/www.bloom-harmony.com\/en\/wp-json\/wp\/v2\/pages"}],"about":[{"href":"https:\/\/www.bloom-harmony.com\/en\/wp-json\/wp\/v2\/types\/page"}],"author":[{"embeddable":true,"href":"https:\/\/www.bloom-harmony.com\/en\/wp-json\/wp\/v2\/users\/1"}],"replies":[{"embeddable":true,"href":"https:\/\/www.bloom-harmony.com\/en\/wp-json\/wp\/v2\/comments?post=72294"}],"version-history":[{"count":6,"href":"https:\/\/www.bloom-harmony.com\/en\/wp-json\/wp\/v2\/pages\/72294\/revisions"}],"predecessor-version":[{"id":72787,"href":"https:\/\/www.bloom-harmony.com\/en\/wp-json\/wp\/v2\/pages\/72294\/revisions\/72787"}],"up":[{"embeddable":true,"href":"https:\/\/www.bloom-harmony.com\/en\/wp-json\/wp\/v2\/pages\/71726"}],"wp:attachment":[{"href":"https:\/\/www.bloom-harmony.com\/en\/wp-json\/wp\/v2\/media?parent=72294"}],"curies":[{"name":"wp","href":"https:\/\/api.w.org\/{rel}","templated":true}]}}