{"id":72292,"date":"2026-02-02T15:48:37","date_gmt":"2026-02-02T15:48:37","guid":{"rendered":"https:\/\/www.bloom-harmony.com\/bloom-line\/happy-bloom\/"},"modified":"2026-05-02T06:58:52","modified_gmt":"2026-05-02T06:58:52","slug":"pendentif","status":"publish","type":"page","link":"https:\/\/www.bloom-harmony.com\/en\/bloom-line\/pendentif\/","title":{"rendered":"Pendentif"},"content":{"rendered":"<p>[et_pb_section fb_built=&#8221;1&#8243; _builder_version=&#8221;4.27.4&#8243; _module_preset=&#8221;default&#8221; use_background_color_gradient=&#8221;on&#8221; background_color_gradient_type=&#8221;circular&#8221; background_color_gradient_stops=&#8221;rgba(61,61,61,0.76) 0%|rgba(255,255,255,0) 72%&#8221; background_color_gradient_overlays_image=&#8221;on&#8221; background_image=&#8221;https:\/\/www.bloom-harmony.com\/wp-content\/uploads\/2025\/05\/happy-bloom-3-scaled.jpeg&#8221; global_colors_info=&#8221;{}&#8221;][et_pb_row _builder_version=&#8221;4.27.4&#8243; custom_padding=&#8221;80px|0px|39px|0px|false|false&#8221; locked=&#8221;off&#8221; global_colors_info=&#8221;{}&#8221;][et_pb_column type=&#8221;4_4&#8243; _builder_version=&#8221;4.16&#8243; custom_padding=&#8221;|||&#8221; global_colors_info=&#8221;{}&#8221; custom_padding__hover=&#8221;|||&#8221;][et_pb_text _builder_version=&#8221;4.27.6&#8243; _module_preset=&#8221;default&#8221; header_font=&#8221;|||on|||||&#8221; header_text_align=&#8221;center&#8221; header_text_color=&#8221;#FFFFFF&#8221; header_font_size=&#8221;46px&#8221; hover_enabled=&#8221;0&#8243; locked=&#8221;off&#8221; global_colors_info=&#8221;{}&#8221; header_2_text_color=&#8221;#F2EEE6&#8243; sticky_enabled=&#8221;0&#8243;]<\/p>\n<h1>Happy Bloom<\/h1>\n<p>[\/et_pb_text][\/et_pb_column][\/et_pb_row][\/et_pb_section][et_pb_section fb_built=&#8221;1&#8243; _builder_version=&#8221;4.27.6&#8243; _module_preset=&#8221;default&#8221; background_color=&#8221;#F2EEE6&#8243; hover_enabled=&#8221;0&#8243; global_colors_info=&#8221;{}&#8221; sticky_enabled=&#8221;0&#8243;][et_pb_row column_structure=&#8221;1_2,1_2&#8243; use_custom_gutter=&#8221;on&#8221; gutter_width=&#8221;4&#8243; make_equal=&#8221;on&#8221; _builder_version=&#8221;4.27.4&#8243; _module_preset=&#8221;default&#8221; global_colors_info=&#8221;{}&#8221; theme_builder_area=&#8221;post_content&#8221; custom_padding=&#8221;0px||0px|||&#8221;][et_pb_column type=&#8221;1_2&#8243; _builder_version=&#8221;4.27.4&#8243; _module_preset=&#8221;default&#8221; background_enable_image=&#8221;off&#8221; custom_padding=&#8221;90px||||false|false&#8221; background_last_edited=&#8221;on|desktop&#8221; background_enable_image_tablet=&#8221;off&#8221; global_colors_info=&#8221;{}&#8221; theme_builder_area=&#8221;post_content&#8221;][et_pb_gallery gallery_ids=&#8221;71687,71675,71686,72022&#8243; fullwidth=&#8221;on&#8221; _builder_version=&#8221;4.27.4&#8243; _module_preset=&#8221;default&#8221; pagination_text_color=&#8221;#FFFFFF&#8221; locked=&#8221;off&#8221; global_colors_info=&#8221;{}&#8221; theme_builder_area=&#8221;post_content&#8221;][\/et_pb_gallery][\/et_pb_column][et_pb_column type=&#8221;1_2&#8243; _builder_version=&#8221;4.27.4&#8243; _module_preset=&#8221;default&#8221; custom_padding=&#8221;5rem||5rem||true|false&#8221; global_colors_info=&#8221;{}&#8221; theme_builder_area=&#8221;post_content&#8221;][et_pb_text _builder_version=&#8221;4.27.6&#8243; _module_preset=&#8221;default&#8221; header_text_color=&#8221;#FFFFFF&#8221; header_2_font=&#8221;&#8211;et_global_heading_font||||||||&#8221; header_2_text_color=&#8221;#050D18&#8243; header_2_font_size=&#8221;39px&#8221; header_2_line_height=&#8221;1.2em&#8221; custom_margin=&#8221;||0.5rem||false|false&#8221; custom_padding=&#8221;||||false|false&#8221; locked=&#8221;off&#8221; global_colors_info=&#8221;{}&#8221; theme_builder_area=&#8221;post_content&#8221;]<\/p>\n<h2>Happy Bloom<\/h2>\n<p>[\/et_pb_text][et_pb_divider color=&#8221;#D4A017&#8243; _builder_version=&#8221;4.27.6&#8243; _module_preset=&#8221;default&#8221; custom_margin=&#8221;-14px||18px||false|false&#8221; global_colors_info=&#8221;{}&#8221; theme_builder_area=&#8221;post_content&#8221;][\/et_pb_divider][et_pb_text _builder_version=&#8221;4.27.6&#8243; _module_preset=&#8221;default&#8221; text_font=&#8221;&#8211;et_global_body_font|&#8211;et_global_body_font_weight|||||||&#8221; text_text_color=&#8221;#050D18&#8243; text_font_size=&#8221;16px&#8221; text_line_height=&#8221;1.4em&#8221; text_orientation=&#8221;center&#8221; max_width=&#8221;100%&#8221; module_alignment=&#8221;left&#8221; custom_margin=&#8221;|317px|0px|||&#8221; custom_padding=&#8221;0px||1px|||&#8221; hover_enabled=&#8221;0&#8243; locked=&#8221;off&#8221; global_colors_info=&#8221;{}&#8221; theme_builder_area=&#8221;post_content&#8221; sticky_enabled=&#8221;0&#8243;]<\/p>\n<ul>\n<li style=\"text-align: left;\">Pendentif en bois de noyer naturel et corde en cuir naturel<\/li>\n<li style=\"text-align: left;\">Taille : 4 cm de diam\u00e8tre<\/li>\n<\/ul>\n<p>[\/et_pb_text][et_pb_text _builder_version=&#8221;4.27.6&#8243; _module_preset=&#8221;default&#8221; text_font=&#8221;&#8211;et_global_body_font||||||||&#8221; text_text_color=&#8221;#050D18&#8243; text_font_size=&#8221;16px&#8221; hover_enabled=&#8221;0&#8243; global_colors_info=&#8221;{}&#8221; theme_builder_area=&#8221;post_content&#8221; sticky_enabled=&#8221;0&#8243;]<\/p>\n<p>Le Pendentif Happy Bloom en v\u00e9ritable bois de noyer apporte Force et Pers\u00e9v\u00e9rance afin de surmonter au mieux les difficult\u00e9s de la Vie et les D\u00e9fis Personnels.<\/p>\n<p>Le Happy Bloom aide \u00e0 :\u00a0<\/p>\n<ul>\n<li>\u00e9quilibrer les Emotions et \u00e0 trouver la Stabilit\u00e9 Int\u00e9rieure.<\/li>\n<li>favorise l\u2019Intuition, la Connaissance de Soi et la Clairvoyance.<\/li>\n<li>est symbole d\u2019Intelligence et de Sagesse, offrant une meilleure Guidance Int\u00e9rieure.<\/li>\n<li>est naturellement associ\u00e9 \u00e0 la Prosp\u00e9rit\u00e9 et \u00e0 l\u2019Abondance.<\/li>\n<\/ul>\n<p>Il est votre Guide vers la S\u00e9r\u00e9nit\u00e9 Int\u00e9rieure.<\/p>\n<p><strong>Il agit comme un catalyseur de r\u00e9\u00e9quilibrage global, en activant simultan\u00e9ment la Paix Int\u00e9rieure, la Connexion au Vivant, l\u2019Ancrage Corporel et la Puissance Personnelle, gr\u00e2ce \u00e0 l\u2019\u00e9l\u00e9vation de votre Fr\u00e9quence.<\/strong><\/p>\n<p><strong>Il restaure l\u2019Harmonie Vibratoire et l\u2019Alignement entre les pens\u00e9es, les \u00e9motions, le corps et l\u2019\u00e2me.<\/strong><\/p>\n<p>Vous trouverez dans l\u2019onglet Bloom Life-Certifications l\u2019expertise vibratoire compl\u00e8te du Bloom Code par le Fenyx, instrument innovant qui permet de d\u00e9tecter\u00a0:<\/p>\n<ul>\n<li>Le champ d\u2019information quantique<\/li>\n<li>La nature de l\u2019\u00e9nergie (agit\u00e9e, neutre, harmonieuse)<\/li>\n<li>La coh\u00e9rence entre les diff\u00e9rents plans de l\u2019\u00eatre (physique, \u00e9motionnel, mental, spirituel etc\u2026)<\/li>\n<li>L\u2019\u00e9nergie li\u00e9e aux intentions, \u00e9motions, valeurs\u2026<\/li>\n<\/ul>\n<p><strong>Qui d\u00e9montrent que porter un Happy Bloom aide \u00e0 \u00e9quilibrer, aligner et activer ses chakras favorisant ainsi son auto-gu\u00e9rison.<\/strong><\/p>\n<p><strong>Portez votre Happy Bloom comme un v\u00e9ritable Talisman\u00a0!<\/strong><\/p>\n<p>[\/et_pb_text][\/et_pb_column][\/et_pb_row][et_pb_row _builder_version=&#8221;4.27.4&#8243; _module_preset=&#8221;default&#8221; global_colors_info=&#8221;{}&#8221; custom_padding=&#8221;41px||41px||false|&#8221;][et_pb_column type=&#8221;4_4&#8243; _builder_version=&#8221;4.27.4&#8243; _module_preset=&#8221;default&#8221; global_colors_info=&#8221;{}&#8221;][et_pb_button button_url=&#8221;https:\/\/www.bloom-harmony.com\/bloom-line\/&#8221; button_text=&#8221;Retour vers la gamme de produits&#8221; button_alignment=&#8221;center&#8221; _builder_version=&#8221;4.27.6&#8243; _module_preset=&#8221;default&#8221; custom_button=&#8221;on&#8221; button_text_size=&#8221;16px&#8221; button_text_color=&#8221;#D4A017&#8243; button_border_width=&#8221;1px&#8221; button_border_radius=&#8221;0px&#8221; button_font=&#8221;&#8211;et_global_body_font||||||||&#8221; button_use_icon=&#8221;off&#8221; global_colors_info=&#8221;{}&#8221; theme_builder_area=&#8221;post_content&#8221;][\/et_pb_button][\/et_pb_column][\/et_pb_row][\/et_pb_section]<\/p>\n","protected":false},"excerpt":{"rendered":"<p>Happy BloomHappy Bloom Pendentif en bois de noyer naturel et corde en cuir naturel Taille : 4 cm de diam\u00e8tre Le Pendentif Happy Bloom en v\u00e9ritable bois de noyer apporte Force et Pers\u00e9v\u00e9rance afin de surmonter au mieux les difficult\u00e9s de la Vie et les D\u00e9fis Personnels. Le Happy Bloom aide \u00e0 :\u00a0 \u00e9quilibrer les [&hellip;]<\/p>\n","protected":false},"author":1,"featured_media":0,"parent":71726,"menu_order":0,"comment_status":"closed","ping_status":"closed","template":"","meta":{"_acf_changed":false,"_et_pb_use_builder":"on","_et_pb_old_content":"","_et_gb_content_width":"","footnotes":""},"class_list":["post-72292","page","type-page","status-publish","hentry"],"acf":[],"_links":{"self":[{"href":"https:\/\/www.bloom-harmony.com\/en\/wp-json\/wp\/v2\/pages\/72292","targetHints":{"allow":["GET"]}}],"collection":[{"href":"https:\/\/www.bloom-harmony.com\/en\/wp-json\/wp\/v2\/pages"}],"about":[{"href":"https:\/\/www.bloom-harmony.com\/en\/wp-json\/wp\/v2\/types\/page"}],"author":[{"embeddable":true,"href":"https:\/\/www.bloom-harmony.com\/en\/wp-json\/wp\/v2\/users\/1"}],"replies":[{"embeddable":true,"href":"https:\/\/www.bloom-harmony.com\/en\/wp-json\/wp\/v2\/comments?post=72292"}],"version-history":[{"count":6,"href":"https:\/\/www.bloom-harmony.com\/en\/wp-json\/wp\/v2\/pages\/72292\/revisions"}],"predecessor-version":[{"id":72818,"href":"https:\/\/www.bloom-harmony.com\/en\/wp-json\/wp\/v2\/pages\/72292\/revisions\/72818"}],"up":[{"embeddable":true,"href":"https:\/\/www.bloom-harmony.com\/en\/wp-json\/wp\/v2\/pages\/71726"}],"wp:attachment":[{"href":"https:\/\/www.bloom-harmony.com\/en\/wp-json\/wp\/v2\/media?parent=72292"}],"curies":[{"name":"wp","href":"https:\/\/api.w.org\/{rel}","templated":true}]}}