{"id":72286,"date":"2026-01-18T20:15:42","date_gmt":"2026-01-18T20:15:42","guid":{"rendered":"https:\/\/www.bloom-harmony.com\/bloom-line\/bloom-up\/"},"modified":"2026-05-02T05:29:29","modified_gmt":"2026-05-02T05:29:29","slug":"dessous-de-verre","status":"publish","type":"page","link":"https:\/\/www.bloom-harmony.com\/en\/bloom-line\/dessous-de-verre\/","title":{"rendered":"Dessous de Verre"},"content":{"rendered":"<p>[et_pb_section fb_built=&#8221;1&#8243; _builder_version=&#8221;4.27.6&#8243; _module_preset=&#8221;default&#8221; background_image=&#8221;https:\/\/www.bloom-harmony.com\/wp-content\/uploads\/2026\/04\/bloomcode1.png&#8221; hover_enabled=&#8221;0&#8243; global_colors_info=&#8221;{}&#8221; alt=&#8221;bloom harmony code blanc.&#8221; title_text=&#8221;bloom harmony code blanc.&#8221; min_height=&#8221;513px&#8221; sticky_enabled=&#8221;0&#8243; background_color=&#8221;#FDFCFA&#8221;][et_pb_row _builder_version=&#8221;4.27.6&#8243; hover_enabled=&#8221;0&#8243; locked=&#8221;off&#8221; global_colors_info=&#8221;{}&#8221; min_height=&#8221;276.1px&#8221; custom_margin=&#8221;246px||||false|false&#8221; custom_padding=&#8221;170px||0px||false|false&#8221; sticky_enabled=&#8221;0&#8243;][et_pb_column type=&#8221;4_4&#8243; _builder_version=&#8221;4.16&#8243; custom_padding=&#8221;|||&#8221; global_colors_info=&#8221;{}&#8221; custom_padding__hover=&#8221;|||&#8221;][et_pb_text _builder_version=&#8221;4.27.6&#8243; _module_preset=&#8221;default&#8221; header_font=&#8221;||||||||&#8221; header_text_align=&#8221;center&#8221; header_text_color=&#8221;#050D18&#8243; header_font_size=&#8221;46px&#8221; hover_enabled=&#8221;0&#8243; locked=&#8221;off&#8221; global_colors_info=&#8221;{}&#8221; sticky_enabled=&#8221;0&#8243;]<\/p>\n<h1>Dessous de verre<\/h1>\n<p>[\/et_pb_text][\/et_pb_column][\/et_pb_row][\/et_pb_section][et_pb_section fb_built=&#8221;1&#8243; _builder_version=&#8221;4.27.6&#8243; _module_preset=&#8221;default&#8221; background_color=&#8221;#F2EEE6&#8243; hover_enabled=&#8221;0&#8243; global_colors_info=&#8221;{}&#8221; min_height=&#8221;687.2px&#8221; sticky_enabled=&#8221;0&#8243; custom_padding=&#8221;||92px|||&#8221;][et_pb_row column_structure=&#8221;1_2,1_2&#8243; use_custom_gutter=&#8221;on&#8221; gutter_width=&#8221;4&#8243; make_equal=&#8221;on&#8221; _builder_version=&#8221;4.27.4&#8243; _module_preset=&#8221;default&#8221; global_colors_info=&#8221;{}&#8221;][et_pb_column type=&#8221;1_2&#8243; _builder_version=&#8221;4.27.4&#8243; _module_preset=&#8221;default&#8221; background_enable_image=&#8221;off&#8221; custom_padding=&#8221;90px||||false|false&#8221; background_last_edited=&#8221;on|desktop&#8221; background_enable_image_tablet=&#8221;off&#8221; global_colors_info=&#8221;{}&#8221;][et_pb_gallery gallery_ids=&#8221;71668,71667,72060&#8243; fullwidth=&#8221;on&#8221; _builder_version=&#8221;4.27.6&#8243; _module_preset=&#8221;default&#8221; title_text_color=&#8221;#FFFFFF&#8221; pagination_text_color=&#8221;#FFFFFF&#8221; hover_enabled=&#8221;0&#8243; locked=&#8221;off&#8221; global_colors_info=&#8221;{}&#8221; sticky_enabled=&#8221;0&#8243;][\/et_pb_gallery][\/et_pb_column][et_pb_column _builder_version=&#8221;4.27.6&#8243; _module_preset=&#8221;default&#8221; type=&#8221;1_2&#8243;][et_pb_text _builder_version=&#8221;4.27.6&#8243; _module_preset=&#8221;default&#8221; header_text_color=&#8221;#050D18&#8243; header_2_font=&#8221;&#8211;et_global_heading_font||||||||&#8221; header_2_text_color=&#8221;#050D18&#8243; header_2_font_size=&#8221;39px&#8221; header_2_line_height=&#8221;1.2em&#8221; custom_margin=&#8221;||0.5rem||false|false&#8221; custom_padding=&#8221;||||false|false&#8221; hover_enabled=&#8221;0&#8243; locked=&#8221;off&#8221; global_colors_info=&#8221;{}&#8221; text_text_color=&#8221;#050D18&#8243; header_font=&#8221;&#8211;et_global_heading_font||||||||&#8221; sticky_enabled=&#8221;0&#8243;]<\/p>\n<h2>Bloom Up<\/h2>\n<p>[\/et_pb_text][et_pb_divider _builder_version=&#8221;4.27.6&#8243; _module_preset=&#8221;default&#8221; color=&#8221;#D4A017&#8243; hover_enabled=&#8221;0&#8243; sticky_enabled=&#8221;0&#8243; custom_margin=&#8221;||16px|||&#8221;][\/et_pb_divider][et_pb_text _builder_version=&#8221;4.27.6&#8243; _module_preset=&#8221;default&#8221; text_font=&#8221;&#8211;et_global_body_font|&#8211;et_global_body_font_weight|||||||&#8221; text_text_color=&#8221;#050D18&#8243; text_font_size=&#8221;16px&#8221; text_line_height=&#8221;1.4em&#8221; max_width=&#8221;60%&#8221; module_alignment=&#8221;left&#8221; hover_enabled=&#8221;0&#8243; locked=&#8221;off&#8221; global_colors_info=&#8221;{}&#8221; sticky_enabled=&#8221;0&#8243; custom_padding=&#8221;1px|||||&#8221;]<\/p>\n<p style=\"text-align: left;\">Dessous de verre en plexiglas<\/p>\n<ul>\n<li>Diam\u00e8tre : 12 cm<\/li>\n<li>\u00c9paisseur 1 cm<\/li>\n<li>Finition haut de gamme<\/li>\n<\/ul>\n<p>[\/et_pb_text][et_pb_text _builder_version=&#8221;4.27.6&#8243; _module_preset=&#8221;default&#8221; text_text_color=&#8221;#050D18&#8243; text_font_size=&#8221;16px&#8221; hover_enabled=&#8221;0&#8243; global_colors_info=&#8221;{}&#8221; sticky_enabled=&#8221;0&#8243; custom_padding=&#8221;0px|||||&#8221;]<\/p>\n<p>Gr\u00e2ce au Bloom Code, revitalisez votre eau et toutes vos boissons, y compris les vins et spiritueux : l\u2019activation est quasi- instantan\u00e9e.<\/p>\n<p>Vous pouvez faire de m\u00eame avec tous les aliments dans vos placards, votre r\u00e9frig\u00e9rateur, vos corbeilles \u00e0 fruits, vos plantes, vos fleurs, vos produits de beaut\u00e9, vos pierres etc\u2026<\/p>\n<p><strong>Augmentez la fr\u00e9quence vibratoire de tout ce dont vous nourrissez votre corps afin de revitaliser l\u2019ensemble de votre organisme et de vos cellules pour une sant\u00e9 optimale.<\/strong><\/p>\n<p>[\/et_pb_text][\/et_pb_column][\/et_pb_row][et_pb_row _builder_version=&#8221;4.27.4&#8243; _module_preset=&#8221;default&#8221; global_colors_info=&#8221;{}&#8221;][et_pb_column type=&#8221;4_4&#8243; _builder_version=&#8221;4.27.4&#8243; _module_preset=&#8221;default&#8221; global_colors_info=&#8221;{}&#8221;][et_pb_button button_text=&#8221;Retour vers la gamme de produits&#8221; _builder_version=&#8221;4.27.6&#8243; _module_preset=&#8221;default&#8221; button_url=&#8221;https:\/\/www.bloom-harmony.com\/bloom-line\/&#8221; custom_button=&#8221;on&#8221; button_text_color=&#8221;#D4A017&#8243; button_text_size=&#8221;16px&#8221; button_border_width=&#8221;1px&#8221; button_use_icon=&#8221;off&#8221; button_alignment=&#8221;center&#8221; hover_enabled=&#8221;0&#8243; sticky_enabled=&#8221;0&#8243; button_font=&#8221;&#8211;et_global_body_font||||||||&#8221; button_border_radius=&#8221;0px&#8221;][\/et_pb_button][\/et_pb_column][\/et_pb_row][\/et_pb_section]<\/p>\n","protected":false},"excerpt":{"rendered":"<p>Dessous de verreBloom UpDessous de verre en plexiglas Diam\u00e8tre : 12 cm \u00c9paisseur 1 cm Finition haut de gamme Gr\u00e2ce au Bloom Code, revitalisez votre eau et toutes vos boissons, y compris les vins et spiritueux : l\u2019activation est quasi- instantan\u00e9e. Vous pouvez faire de m\u00eame avec tous les aliments dans vos placards, votre r\u00e9frig\u00e9rateur, [&hellip;]<\/p>\n","protected":false},"author":1,"featured_media":0,"parent":71726,"menu_order":0,"comment_status":"closed","ping_status":"closed","template":"","meta":{"_acf_changed":false,"_et_pb_use_builder":"on","_et_pb_old_content":"","_et_gb_content_width":"","footnotes":""},"class_list":["post-72286","page","type-page","status-publish","hentry"],"acf":[],"_links":{"self":[{"href":"https:\/\/www.bloom-harmony.com\/en\/wp-json\/wp\/v2\/pages\/72286","targetHints":{"allow":["GET"]}}],"collection":[{"href":"https:\/\/www.bloom-harmony.com\/en\/wp-json\/wp\/v2\/pages"}],"about":[{"href":"https:\/\/www.bloom-harmony.com\/en\/wp-json\/wp\/v2\/types\/page"}],"author":[{"embeddable":true,"href":"https:\/\/www.bloom-harmony.com\/en\/wp-json\/wp\/v2\/users\/1"}],"replies":[{"embeddable":true,"href":"https:\/\/www.bloom-harmony.com\/en\/wp-json\/wp\/v2\/comments?post=72286"}],"version-history":[{"count":8,"href":"https:\/\/www.bloom-harmony.com\/en\/wp-json\/wp\/v2\/pages\/72286\/revisions"}],"predecessor-version":[{"id":72774,"href":"https:\/\/www.bloom-harmony.com\/en\/wp-json\/wp\/v2\/pages\/72286\/revisions\/72774"}],"up":[{"embeddable":true,"href":"https:\/\/www.bloom-harmony.com\/en\/wp-json\/wp\/v2\/pages\/71726"}],"wp:attachment":[{"href":"https:\/\/www.bloom-harmony.com\/en\/wp-json\/wp\/v2\/media?parent=72286"}],"curies":[{"name":"wp","href":"https:\/\/api.w.org\/{rel}","templated":true}]}}